{"id":28,"date":"2014-02-13T19:45:31","date_gmt":"2014-02-13T18:45:31","guid":{"rendered":"http:\/\/www.portuguesewaterdog.ca\/?page_id=28"},"modified":"2026-01-18T17:09:16","modified_gmt":"2026-01-18T22:09:16","slug":"chiots-disponibles","status":"publish","type":"page","link":"http:\/\/www.portuguesewaterdog.ca\/index.php\/chiots-disponibles\/","title":{"rendered":"Chiots disponibles"},"content":{"rendered":"\n<hr class=\"wp-block-separator is-style-wide\"\/>\n\n\n\n<h3 class=\"has-text-align-center\">Le co\u00fbt d&rsquo;un chiot est de 3000$ + taxes<\/h3>\n\n\n\n<h4 class=\"has-text-align-center\">Nos chiots sont enregistr\u00e9s au Club Canin Canadien, vaccin\u00e9s, micropuc\u00e9s, vermifug\u00e9s et garantis jusqu&rsquo;\u00e0 l&rsquo;\u00e2ge de 24 mois sur les maladies cong\u00e9nitales grave.<\/h4>\n\n\n\n<h4 class=\"has-text-align-center\">Les chiots sont vendus sans droits de reproduction et devront \u00eatre st\u00e9rilis\u00e9s obligatoirement \u00e0 l&rsquo;\u00e2ge de 1 an.<\/h4>\n\n\n\n<h4 class=\"has-text-align-center\">Nos reproducteurs sont certifi\u00e9s pour le coeur,yeux,hanches et coudes.<\/h4>\n\n\n\n<h4 class=\"has-text-align-center\">Un formulaire pr\u00e9 adoption devra \u00eatre rempli avant les visites<\/h4>\n\n\n\n<h4 class=\"has-text-align-center\">*** Pour une visite \u00e0 la maison nous <strong>exigeons maintenant un<em> acompte de 100$ non remboursable<\/em> <\/strong>qui sera d\u00e9duit sur le prix du chiot <strong><em>avant votre visite par virement bancaire<\/em><\/strong>***<\/h4>\n\n\n\n<h4 class=\"has-text-align-center\">Pourquoi? <\/h4>\n\n\n\n<h4 class=\"has-text-align-center\">Nous ne sommes pas un magasin, nous avons de jeunes enfants \u00e0 la maison et un travail et que malheureusement des clients nous contactent pour un gros int\u00e9r\u00eat pour nos chiots disponibles et que malheureusement c&rsquo;\u00e9tait seulement par simple curiosit\u00e9.<\/h4>\n\n\n\n<h4 class=\"has-text-align-center\">Nous avons seulement une \u00e0 deux port\u00e9es par ann\u00e9e en \u00e9t\u00e9. Nous prenons aucune r\u00e9servation pr\u00e9 naissance. Nous prenons les r\u00e9servations quand les chiots sont n\u00e9s.<\/h4>\n\n\n\n<hr class=\"wp-block-separator has-text-color has-background has-black-background-color has-black-color is-style-wide\"\/>\n\n\n\n<h4 class=\"has-text-align-center\">MISE \u00c0 JOUR 18 JANVIER 2026<\/h4>\n\n\n\n<hr class=\"wp-block-separator\"\/>\n\n\n\n<h3 class=\"has-text-align-center\">Nous pr\u00e9voyons aucune port\u00e9e pour une p\u00e9riode ind\u00e9termin\u00e9e <\/h3>\n\n\n\n<hr class=\"wp-block-separator\"\/>\n\n\n\n<h3 class=\"has-text-align-center\"><em>Pour plus d&rsquo;information \u00e9crivez \u00e0 cette adresse email: miss_hono97@hotmail.com<\/em><\/h3>\n\n\n\n<hr class=\"wp-block-separator is-style-wide\"\/>\n","protected":false},"excerpt":{"rendered":"<p>Le co\u00fbt d&rsquo;un chiot est de 3000$ + taxes Nos chiots sont enregistr\u00e9s au Club Canin Canadien, vaccin\u00e9s, micropuc\u00e9s, vermifug\u00e9s et garantis jusqu&rsquo;\u00e0 l&rsquo;\u00e2ge de 24 mois sur les maladies cong\u00e9nitales grave. Les chiots sont vendus sans droits de reproduction et devront \u00eatre st\u00e9rilis\u00e9s obligatoirement \u00e0 l&rsquo;\u00e2ge de 1 an. Nos reproducteurs sont certifi\u00e9s pour [&hellip;]<\/p>\n","protected":false},"author":2,"featured_media":0,"parent":0,"menu_order":0,"comment_status":"open","ping_status":"open","template":"","meta":[],"_links":{"self":[{"href":"http:\/\/www.portuguesewaterdog.ca\/index.php\/wp-json\/wp\/v2\/pages\/28"}],"collection":[{"href":"http:\/\/www.portuguesewaterdog.ca\/index.php\/wp-json\/wp\/v2\/pages"}],"about":[{"href":"http:\/\/www.portuguesewaterdog.ca\/index.php\/wp-json\/wp\/v2\/types\/page"}],"author":[{"embeddable":true,"href":"http:\/\/www.portuguesewaterdog.ca\/index.php\/wp-json\/wp\/v2\/users\/2"}],"replies":[{"embeddable":true,"href":"http:\/\/www.portuguesewaterdog.ca\/index.php\/wp-json\/wp\/v2\/comments?post=28"}],"version-history":[{"count":142,"href":"http:\/\/www.portuguesewaterdog.ca\/index.php\/wp-json\/wp\/v2\/pages\/28\/revisions"}],"predecessor-version":[{"id":1008,"href":"http:\/\/www.portuguesewaterdog.ca\/index.php\/wp-json\/wp\/v2\/pages\/28\/revisions\/1008"}],"wp:attachment":[{"href":"http:\/\/www.portuguesewaterdog.ca\/index.php\/wp-json\/wp\/v2\/media?parent=28"}],"curies":[{"name":"wp","href":"https:\/\/api.w.org\/{rel}","templated":true}]}}