{"id":74,"date":"2014-02-13T19:53:55","date_gmt":"2014-02-13T18:53:55","guid":{"rendered":"http:\/\/www.portuguesewaterdog.ca\/?page_id=74"},"modified":"2014-03-13T20:31:48","modified_gmt":"2014-03-13T19:31:48","slug":"caracteristiques-chien-eau-portugais","status":"publish","type":"page","link":"http:\/\/www.portuguesewaterdog.ca\/index.php\/caracteristiques-chien-eau-portugais\/","title":{"rendered":"Caract\u00e9ristiques"},"content":{"rendered":"<h1>Caract\u00e9ristiques<\/h1>\n<p>C\u2019est un chien de taille moyenne, de proportion harmonieuse, robuste et muscl\u00e9.<\/p>\n<p>D\u2019une intelligence exceptionnelle , vivant et affectueux, il adore la vie de famille et raffole des enfants.<\/p>\n<p>Un tr\u00e8s bon choix pour les personnes allergiques car il ne mue pas, le poils peut \u00eatre de type boucl\u00e9 ou vagu\u00e9. Les couleurs sont noir, blanc,brun et aussi une combinaison de blanc avec noir ou brun.<\/p>\n<p>Pour ceux qui veulent faire plus avec leur chien d\u2019eau, l\u2019agilit\u00e9 et les concours d\u2019obeissance pourrait apporter beaucoup de plaisir et de satisfaction.<\/p>\n","protected":false},"excerpt":{"rendered":"<p>Caract\u00e9ristiques C\u2019est un chien de taille moyenne, de proportion harmonieuse, robuste et muscl\u00e9. D\u2019une intelligence exceptionnelle , vivant et affectueux, il adore la vie de famille et raffole des enfants. Un tr\u00e8s bon choix pour les personnes allergiques car il ne mue pas, le poils peut \u00eatre de type boucl\u00e9 ou vagu\u00e9. Les couleurs sont [&hellip;]<\/p>\n","protected":false},"author":2,"featured_media":0,"parent":0,"menu_order":0,"comment_status":"open","ping_status":"open","template":"","meta":[],"_links":{"self":[{"href":"http:\/\/www.portuguesewaterdog.ca\/index.php\/wp-json\/wp\/v2\/pages\/74"}],"collection":[{"href":"http:\/\/www.portuguesewaterdog.ca\/index.php\/wp-json\/wp\/v2\/pages"}],"about":[{"href":"http:\/\/www.portuguesewaterdog.ca\/index.php\/wp-json\/wp\/v2\/types\/page"}],"author":[{"embeddable":true,"href":"http:\/\/www.portuguesewaterdog.ca\/index.php\/wp-json\/wp\/v2\/users\/2"}],"replies":[{"embeddable":true,"href":"http:\/\/www.portuguesewaterdog.ca\/index.php\/wp-json\/wp\/v2\/comments?post=74"}],"version-history":[{"count":4,"href":"http:\/\/www.portuguesewaterdog.ca\/index.php\/wp-json\/wp\/v2\/pages\/74\/revisions"}],"predecessor-version":[{"id":281,"href":"http:\/\/www.portuguesewaterdog.ca\/index.php\/wp-json\/wp\/v2\/pages\/74\/revisions\/281"}],"wp:attachment":[{"href":"http:\/\/www.portuguesewaterdog.ca\/index.php\/wp-json\/wp\/v2\/media?parent=74"}],"curies":[{"name":"wp","href":"https:\/\/api.w.org\/{rel}","templated":true}]}}